{"id":1016,"date":"2022-01-07T10:05:37","date_gmt":"2022-01-07T10:05:37","guid":{"rendered":"https:\/\/demo.afthemes.com\/chromenews-pro\/?page_id=2"},"modified":"2023-11-23T17:25:46","modified_gmt":"2023-11-23T17:25:46","slug":"sample-page-2-2","status":"publish","type":"page","link":"https:\/\/katolikusifjusagialapitvany.hu\/?page_id=1016","title":{"rendered":"Az alap\u00edtv\u00e1nyunkr\u00f3l"},"content":{"rendered":"","protected":false},"excerpt":{"rendered":"","protected":false},"author":1,"featured_media":0,"parent":0,"menu_order":0,"comment_status":"closed","ping_status":"open","template":"","meta":{"footnotes":""},"class_list":["post-1016","page","type-page","status-publish","hentry"],"_links":{"self":[{"href":"https:\/\/katolikusifjusagialapitvany.hu\/index.php?rest_route=\/wp\/v2\/pages\/1016","targetHints":{"allow":["GET"]}}],"collection":[{"href":"https:\/\/katolikusifjusagialapitvany.hu\/index.php?rest_route=\/wp\/v2\/pages"}],"about":[{"href":"https:\/\/katolikusifjusagialapitvany.hu\/index.php?rest_route=\/wp\/v2\/types\/page"}],"author":[{"embeddable":true,"href":"https:\/\/katolikusifjusagialapitvany.hu\/index.php?rest_route=\/wp\/v2\/users\/1"}],"replies":[{"embeddable":true,"href":"https:\/\/katolikusifjusagialapitvany.hu\/index.php?rest_route=%2Fwp%2Fv2%2Fcomments&post=1016"}],"version-history":[{"count":5,"href":"https:\/\/katolikusifjusagialapitvany.hu\/index.php?rest_route=\/wp\/v2\/pages\/1016\/revisions"}],"predecessor-version":[{"id":1381,"href":"https:\/\/katolikusifjusagialapitvany.hu\/index.php?rest_route=\/wp\/v2\/pages\/1016\/revisions\/1381"}],"wp:attachment":[{"href":"https:\/\/katolikusifjusagialapitvany.hu\/index.php?rest_route=%2Fwp%2Fv2%2Fmedia&parent=1016"}],"curies":[{"name":"wp","href":"https:\/\/api.w.org\/{rel}","templated":true}]}}