{"id":129,"date":"2019-04-17T06:19:02","date_gmt":"2019-04-17T06:19:02","guid":{"rendered":"https:\/\/demo.afthemes.com\/newsphere-pro\/?page_id=129"},"modified":"2023-11-23T12:30:19","modified_gmt":"2023-11-23T12:30:19","slug":"contact","status":"publish","type":"page","link":"https:\/\/katolikusifjusagialapitvany.hu\/?page_id=129","title":{"rendered":"Contact"},"content":{"rendered":"\n<p class=\"has-black-color has-luminous-vivid-amber-background-color has-text-color has-background has-link-color wp-elements-20f384444917cb41e6e1e36dc5069739\" style=\"font-size:18px\"><strong>Katolikus Ifj\u00fas\u00e1gi Alap\u00edtv\u00e1ny<br>6720 Szeged<br>D\u00f3m t\u00e9r 15.<br>(vagy Dugonics t\u00e9r 12. &#8211; Millenniumi K\u00e1v\u00e9h\u00e1z \u00e9s Klub)<br><\/strong><\/p>\n\n\n\n<p class=\"has-black-color has-luminous-vivid-amber-background-color has-text-color has-background has-link-color wp-elements-fecb9ec38b7f5b66b9d6d2d276df0fe1\" style=\"font-size:18px\">Kommunik\u00e1ci\u00f3s vezet\u0151:<br>Ny\u00fal-Schmidt T\u00edmea<br>timi.schmidt.kia@gmail.com<br><\/p>\n","protected":false},"excerpt":{"rendered":"<p>Katolikus Ifj\u00fas\u00e1gi Alap\u00edtv\u00e1ny6720 SzegedD\u00f3m t\u00e9r 15.(vagy Dugonics t\u00e9r 12. &#8211;<\/p>\n","protected":false},"author":1,"featured_media":0,"parent":0,"menu_order":0,"comment_status":"closed","ping_status":"closed","template":"","meta":{"footnotes":""},"class_list":["post-129","page","type-page","status-publish","hentry"],"_links":{"self":[{"href":"https:\/\/katolikusifjusagialapitvany.hu\/index.php?rest_route=\/wp\/v2\/pages\/129","targetHints":{"allow":["GET"]}}],"collection":[{"href":"https:\/\/katolikusifjusagialapitvany.hu\/index.php?rest_route=\/wp\/v2\/pages"}],"about":[{"href":"https:\/\/katolikusifjusagialapitvany.hu\/index.php?rest_route=\/wp\/v2\/types\/page"}],"author":[{"embeddable":true,"href":"https:\/\/katolikusifjusagialapitvany.hu\/index.php?rest_route=\/wp\/v2\/users\/1"}],"replies":[{"embeddable":true,"href":"https:\/\/katolikusifjusagialapitvany.hu\/index.php?rest_route=%2Fwp%2Fv2%2Fcomments&post=129"}],"version-history":[{"count":2,"href":"https:\/\/katolikusifjusagialapitvany.hu\/index.php?rest_route=\/wp\/v2\/pages\/129\/revisions"}],"predecessor-version":[{"id":1297,"href":"https:\/\/katolikusifjusagialapitvany.hu\/index.php?rest_route=\/wp\/v2\/pages\/129\/revisions\/1297"}],"wp:attachment":[{"href":"https:\/\/katolikusifjusagialapitvany.hu\/index.php?rest_route=%2Fwp%2Fv2%2Fmedia&parent=129"}],"curies":[{"name":"wp","href":"https:\/\/api.w.org\/{rel}","templated":true}]}}