{"id":2119,"date":"2025-02-18T17:38:21","date_gmt":"2025-02-18T17:38:21","guid":{"rendered":"https:\/\/katolikusifjusagialapitvany.hu\/?page_id=2119"},"modified":"2025-08-06T09:55:18","modified_gmt":"2025-08-06T09:55:18","slug":"open-call","status":"publish","type":"page","link":"https:\/\/katolikusifjusagialapitvany.hu\/?page_id=2119","title":{"rendered":"Ny\u00edlt felh\u00edv\u00e1s-Open Call"},"content":{"rendered":"\n<p>\ud83c\udded\ud83c\uddfa <strong>Ny\u00edlt felh\u00edv\u00e1s:<\/strong><br><strong>Event Lab \u2013 Szabadt\u00e9ri Rendezv\u00e9nyszervez\u00e9si Program<\/strong><\/p>\n\n\n\n<p><strong><em>Parks4All projekt&nbsp;<\/em><\/strong><\/p>\n\n\n\n<p><strong><em>Teljes k\u00f6r\u0171 \u00f6szt\u00f6nd\u00edj: a tand\u00edj, sz\u00e1ll\u00e1s, \u00e9tkez\u00e9s \u00e9s utaz\u00e1si k\u00f6lts\u00e9gek fedez\u00e9se esem\u00e9nyszevez\u00e9s \u00e9s kultur\u00e1lis menedzsment t\u00e9mak\u00f6rben<\/em><\/strong><\/p>\n\n\n\n<p>Fiatal rendezv\u00e9nyszervez\u0151 vagy kultur\u00e1lis menedzser vagy, aki szeretn\u00e9 fejleszteni k\u00e9szs\u00e9geit a szabadt\u00e9ri kultur\u00e1lis esem\u00e9nyek szervez\u00e9s\u00e9ben? Szenved\u00e9lyesen hiszel abban, hogy hat\u00e9konyan megszervezett esem\u00e9nyeket hozz l\u00e9tre, amelyek bevonj\u00e1k a k\u00f6z\u00f6ss\u00e9get \u00e9s el\u0151seg\u00edtik a fenntarthat\u00f3s\u00e1got?&nbsp;<\/p>\n\n\n\n<p>Szeretn\u00e9l tanulni a rendezv\u00e9nyszervez\u00e9s \u00e9s kultur\u00e1lis programtervez\u00e9s legjobb szak\u00e9rt\u0151it\u0151l?<\/p>\n\n\n\n<p>A Cinema City Egyes\u00fclet (\u00dajvid\u00e9k) \u00e1ltal koordin\u00e1lt <strong>Parks4All<\/strong> partners\u00e9g izgatottan jelenti be az <strong>Event Lab: Szabadt\u00e9ri rendezv\u00e9nyszervez\u00e9s kultur\u00e1lis menedzserek sz\u00e1m\u00e1ra<\/strong> elnevez\u00e9s\u0171 oktat\u00e1si program elind\u00edt\u00e1s\u00e1t.<\/p>\n\n\n\n<p>Ez az innovat\u00edv oktat\u00e1si program, amelyet az <strong>Interreg VI-A IPA Magyarorsz\u00e1g-Szerbia program<\/strong> t\u00e1rsfinansz\u00edroz, lehet\u0151s\u00e9get k\u00edn\u00e1l a r\u00e9sztvev\u0151knek, hogy elm\u00e9ly\u00edts\u00e9k tud\u00e1sukat, gyakorlati tapasztalatot szerezzenek, \u00e9s \u00e9rt\u00e9kes szakmai kapcsolatokat \u00e9p\u00edtsenek ki a szabadt\u00e9ri rendezv\u00e9nyszervez\u00e9s dinamikus vil\u00e1g\u00e1ban.<\/p>\n\n\n\n<p><strong>Mi az Event Lab?<\/strong><\/p>\n\n\n\n<p>Az <strong>Event Lab<\/strong> egy oktat\u00e1si platform, amely elm\u00e9leti \u00e9s gyakorlati k\u00e9pz\u00e9st k\u00edn\u00e1l n<strong>\u00e9gy oktat\u00e1si modul keret\u00e9ben<\/strong>, <strong>n\u00e9gy k\u00fcl\u00f6nb\u00f6z\u0151 v\u00e1rosban<\/strong>, a rendezv\u00e9nyszervez\u00e9s \u00e9s kultur\u00e1lis menedzsment vezet\u0151 szak\u00e9rt\u0151inek ir\u00e1ny\u00edt\u00e1s\u00e1val. A program c\u00e9lja, hogy a fiatal szakemberek \u00e1tfog\u00f3 k\u00e9pz\u00e9st \u00e9s gyakorlati tapasztalatot szerezzenek n\u00e9gy innovat\u00edv fesztiv\u00e1l szervez\u00e9se sor\u00e1n 2025-ben \u00e9s 2026-ban.<\/p>\n\n\n\n<p><strong>Mit kapsz \u00f6szt\u00f6nd\u00edjask\u00e9nt?<\/strong><\/p>\n\n\n\n<ul class=\"wp-block-list\">\n<li>Intenz\u00edv k\u00e9pz\u00e9s n\u00e9gy modulon kereszt\u00fcl elismert el\u0151ad\u00f3kkal \u00e9s nemzetk\u00f6zi h\u00e1l\u00f3zat\u00e9p\u00edt\u00e9si lehet\u0151s\u00e9gekkel.<\/li>\n\n\n\n<li>Gyakorlati tapasztalat n\u00e9gy fesztiv\u00e1lon 2025-ben \u00e9s 2026-ban, amely betekint\u00e9st ny\u00fajt a rendezv\u00e9nyszervez\u00e9s kulisszatitkaiba.<\/li>\n\n\n\n<li>Oklev\u00e9l a k\u00e9pz\u00e9s sikeres elv\u00e9gz\u00e9s\u00e9r\u0151l \u00e9s aj\u00e1nl\u00e1s a r\u00e9gi\u00f3 vezet\u0151 fesztiv\u00e1ljaiban \u00e9s szervezeteiben val\u00f3 tov\u00e1bbi szakmai lehet\u0151s\u00e9gekhez, t\u00f6bbek k\u00f6z\u00f6tt a <strong>Kaleidoskop, Do\u010dek, Cinema City, Mikser, Malomfesztiv\u00e1l, GastroFest, Dor\u0107ol Platz<\/strong> \u00e9s sok m\u00e1s rendezv\u00e9ny\/helysz\u00edn eset\u00e9ben!<\/li>\n\n\n\n<li>Teljes k\u00f6r\u0171 \u00f6szt\u00f6nd\u00edj: a tand\u00edj, sz\u00e1ll\u00e1s, \u00e9tkez\u00e9s \u00e9s utaz\u00e1si k\u00f6lts\u00e9gek fedez\u00e9se.<\/li>\n\n\n\n<li>Tov\u00e1bbi szakmai fejl\u0151d\u00e9si lehet\u0151s\u00e9gek gyakornoki programokon \u00e9s egy\u00fcttm\u0171k\u00f6d\u00e9seken kereszt\u00fcl.<\/li>\n\n\n\n<li><strong>CON z\u00e1r\u00f3konferencia 2026 j\u00fanius\u00e1ban<\/strong>, ahol bemutathatod megszerzett tud\u00e1sodat \u00e9s k\u00e9szs\u00e9geidet.<\/li>\n<\/ul>\n\n\n\n<p><strong>Ki jelentkezhet?<\/strong><\/p>\n\n\n\n<p>Olyan <strong>18-30 \u00e9v k\u00f6z\u00f6tti<\/strong> fiatal rendezv\u00e9nyszervez\u0151ket \u00e9s kultur\u00e1lis szakembereket keres\u00fcnk, akik szenved\u00e9lyesen \u00e9rdekl\u0151dnek a kultur\u00e1lis esem\u00e9nyek szervez\u00e9se \u00e9s az innov\u00e1ci\u00f3 ir\u00e1nt. Ha motiv\u00e1lt vagy, hogy tanulj, fejl\u0151dj \u00e9s \u00e9rt\u00e9kes tapasztalatokat szerezz, akkor ez a program neked sz\u00f3l!<\/p>\n\n\n\n<hr class=\"wp-block-separator has-alpha-channel-opacity\"\/>\n\n\n\n<p><strong>Program modulok<\/strong><\/p>\n\n\n\n<p><strong>\u25cf<\/strong><strong> Modul 1: Bevezet\u00e9s a szabadt\u00e9ri esem\u00e9nyek \u00e9s fesztiv\u00e1lok menedzsmentj\u00e9be<\/strong><\/p>\n\n\n\n<p>\ud83d\udccd <strong>Helysz\u00edn:<\/strong> \u00dajvid\u00e9k, Szerbia<br>\ud83d\udcc5 <strong>D\u00e1tumok:<\/strong> 2025. m\u00e1rcius 26-29.<br>\ud83d\udd39 <strong>F\u0151 t\u00e9m\u00e1k:<\/strong> K\u00f6z\u00f6ss\u00e9gi r\u00e9szv\u00e9tel a k\u00f6ztereken, r\u00e9szv\u00e9teli tervez\u00e9s, \u00f6kol\u00f3giai alapelvek \u00e9s produkci\u00f3s menedzsment.<br>\ud83e\udd1d <strong>Megval\u00f3s\u00edt\u00f3 partner:<\/strong> &#8222;\u00dajvid\u00e9k&nbsp; \u2013 Eur\u00f3pa Kultur\u00e1lis F\u0151v\u00e1rosa&#8221; Alap\u00edtv\u00e1ny<\/p>\n\n\n\n<p><strong>\u25cf<\/strong><strong> Modul 2: Kock\u00e1zatkezel\u00e9s \u00e9s m\u0171v\u00e9szeti programtervez\u00e9s<\/strong><\/p>\n\n\n\n<p>\ud83d\udccd <strong>Helysz\u00edn:<\/strong> Magyarkanizsa, Szerbia<br>\ud83d\udcc5 <strong>D\u00e1tumok:<\/strong> 2025. \u00e1prilis 9-12.<br>\ud83d\udd39 <strong>F\u0151 t\u00e9m\u00e1k:<\/strong> Kock\u00e1zatelemz\u00e9s, term\u00e9szeti helysz\u00ednek kreat\u00edv kihaszn\u00e1l\u00e1sa, m\u0171v\u00e9sz \u00e9s k\u00f6z\u00f6ss\u00e9gi egy\u00fcttm\u0171k\u00f6d\u00e9sek el\u0151seg\u00edt\u00e9se.<br>\ud83e\udd1d <strong>Megval\u00f3s\u00edt\u00f3 partner:<\/strong> \u201cWemsical Serbia\u201d Ifj\u00fas\u00e1gi \u00e9s Kultur\u00e1lis Egyes\u00fclet<\/p>\n\n\n\n<p><strong>\u25cf<\/strong><strong> Modul 3: Szabadt\u00e9ri esem\u00e9nyek kommunik\u00e1ci\u00f3ja \u00e9s marketingje<\/strong><\/p>\n\n\n\n<p>\ud83d\udccd <strong>Helysz\u00edn:<\/strong> M\u00f3rahalom, Magyarorsz\u00e1g<br>\ud83d\udcc5 <strong>D\u00e1tumok:<\/strong> 2025. \u00e1prilis 23-26.<br>\ud83d\udd39 <strong>F\u0151 t\u00e9m\u00e1k:<\/strong> Kommunik\u00e1ci\u00f3s strat\u00e9gi\u00e1k, k\u00f6z\u00f6ss\u00e9gi m\u00e9dia eszk\u00f6z\u00f6k, k\u00f6z\u00f6ss\u00e9gi partners\u00e9gek \u00e9s a szabadt\u00e9ri esem\u00e9nyek technikai aspektusai.<br>\ud83e\udd1d <strong>Megval\u00f3s\u00edt\u00f3 partner:<\/strong> Katolikus Ifj\u00fas\u00e1gi Alap\u00edtv\u00e1ny<\/p>\n\n\n\n<p><strong>\u25cf<\/strong><strong> Modul 4: Rendezv\u00e9nyek lebonyol\u00edt\u00e1sa \u00e9s \u00e9rt\u00e9kel\u00e9se<\/strong><\/p>\n\n\n\n<p>\ud83d\udccd <strong>Helysz\u00edn:<\/strong> Szeged, Magyarorsz\u00e1g<br>\ud83d\udcc5 <strong>D\u00e1tumok:<\/strong> 2025. m\u00e1jus 7-10.<br>\ud83d\udd39 <strong>F\u0151 t\u00e9m\u00e1k:<\/strong> Helysz\u00edni esem\u00e9nyir\u00e1ny\u00edt\u00e1s, ut\u00f3lagos \u00e9rt\u00e9kel\u00e9s, szponzor\u00e1ci\u00f3 \u00e9s finansz\u00edroz\u00e1si strat\u00e9gi\u00e1k.<br>\ud83e\udd1d <strong>Megval\u00f3s\u00edt\u00f3 partner:<\/strong> DDTG Duna Fejleszt\u0151 Transznacion\u00e1lis Csoport<\/p>\n\n\n\n<p><strong>Munkanyelv<\/strong>: A program munkanyelve az <strong>angol<\/strong>.\u00a0<\/p>\n\n\n\n<p><strong>Hogyan lehet jelentkezni?<\/strong><\/p>\n\n\n\n<p>A p\u00e1ly\u00e1zati id\u0151szak <strong>2025. febru\u00e1r 14-t\u0151l 2025. m\u00e1rcius 12-ig<\/strong> tart. A jelentkez\u00e9shez t\u00f6ltsd ki az al\u00e1bbi \u0171rlapot. A kiv\u00e1lasztott r\u00e9sztvev\u0151ket <strong>2025. m\u00e1rcius 13-\u00e1n<\/strong> \u00e9rtes\u00edtj\u00fck.<\/p>\n\n\n\n<p><strong>Jelentkez\u00e9s az al\u00e1bbi linken:<\/strong> <a href=\"https:\/\/forms.gle\/j61uUsKw6H5RGtbR9\">https:\/\/forms.gle\/j61uUsKw6H5RGtbR9<\/a><\/p>\n\n\n\n<p><strong>K\u00e9szen \u00e1llsz arra, hogy fejleszd a k\u00e9szs\u00e9geidet \u00e9s csatlakozz egy dinamikus kultur\u00e1lis innov\u00e1torok h\u00e1l\u00f3zat\u00e1hoz?<\/strong><\/p>\n\n\n\n<p>Csatlakozz hozz\u00e1nk ezen a transzformat\u00edv \u00faton, \u00e9s seg\u00edts form\u00e1lni a szabadt\u00e9ri esem\u00e9nyek j\u00f6v\u0151j\u00e9t a Magyarorsz\u00e1g-Szerbia hat\u00e1ron \u00e1tny\u00fal\u00f3 r\u00e9gi\u00f3ban. <strong>V\u00e1rjuk jelentkez\u00e9sedet!<\/strong> \ud83d\ude80<\/p>\n\n\n\n<p><strong>JOGI NYILATKOZAT<\/strong><\/p>\n\n\n\n<p>Ez az esem\u00e9ny az Eur\u00f3pai Uni\u00f3 p\u00e9nz\u00fcgyi t\u00e1mogat\u00e1s\u00e1val val\u00f3sul(t)&nbsp;meg a Interreg VI-A IPA Magyarorsz\u00e1g-Szerbia egy\u00fcttm\u0171k\u00f6d\u00e9si program \u00e1ltal. Az esem\u00e9ny tartalm\u00e1\u00e9rt teljes m\u00e9rt\u00e9kben a Cinema City Egyes\u00fclet v\u00e1llalja a&nbsp;felel\u0151ss\u00e9get, \u00e9s az semmilyen k\u00f6r\u00fclm\u00e9nyek k\u00f6z\u00f6tt nem tekinthet\u0151 az Eur\u00f3pai Uni\u00f3 \u00e9s \/ vagy a&nbsp;programot Ir\u00e1ny\u00edt\u00f3 Hat\u00f3s\u00e1gnak \u00e1ll\u00e1sfoglal\u00e1s\u00e1t t\u00fckr\u00f6z\u0151 tartalomnak.&nbsp;<\/p>\n\n\n\n<p><strong>A t\u00e1mogat\u00f3 programr\u00f3l:&nbsp;<\/strong><\/p>\n\n\n\n<p>Az Interreg VI-A IPA Magyarorsz\u00e1g-Szerbia program a 2021-2027-es Eur\u00f3pai Uni\u00f3 p\u00e9nz\u00fcgyi keret\u00e9n bel\u00fcl, az El\u0151csatlakoz\u00e1si T\u00e1mogat\u00e1si Eszk\u00f6z (IPA) keret\u00e9ben val\u00f3sul meg. A r\u00e9szt vev\u0151 orsz\u00e1gok \u2013 Magyarorsz\u00e1g \u00e9s Szerbia \u2013 \u201emegosztott ir\u00e1ny\u00edt\u00e1si rendszere&#8221; alapj\u00e1n a program finansz\u00edrozza \u00e9s t\u00e1mogatja a programter\u00fcleten tal\u00e1lhat\u00f3 szervezetek egy\u00fcttm\u0171k\u00f6d\u00e9si projektjeit: Magyarorsz\u00e1gon Csongr\u00e1d-Csan\u00e1d &#8211; \u00e9s B\u00e1cs-Kiskun v\u00e1rmegy\u00e9ben, valamint Szerbi\u00e1ban Nyugat-B\u00e1cska, \u00c9szak-B\u00e1cska, D\u00e9l-B\u00e1cska, \u00c9szak-B\u00e1n\u00e1t, K\u00f6z\u00e9p-B\u00e1n\u00e1t, D\u00e9l-B\u00e1n\u00e1t \u00e9s Szer\u00e9ms\u00e9g k\u00f6zigazgat\u00e1si ter\u00fcletein.<\/p>\n\n\n\n<p>A program seg\u00edti a stabil \u00e9s egy\u00fcttm\u0171k\u00f6d\u0151 r\u00e9gi\u00f3 kialakul\u00e1s\u00e1t \u00e9s az \u00e1ltal\u00e1nos \u00e9letmin\u0151s\u00e9get a hat\u00e1rr\u00e9gi\u00f3ban. Lehet\u0151v\u00e9 teszi a k\u00e9t orsz\u00e1g szervezeteinek gazdas\u00e1gi egy\u00fcttm\u0171k\u00f6d\u00e9s\u00e9t, \u00e1polja a hat\u00e1rr\u00e9gi\u00f3 k\u00f6z\u00f6s identit\u00e1s\u00e1t, kultur\u00e1lis \u00e9s t\u00f6rt\u00e9nelmi \u00f6r\u00f6ks\u00e9g\u00e9t, hozz\u00e1j\u00e1rul k\u00f6rnyezeti fenntarthat\u00f3s\u00e1ghoz \u00e9s biztons\u00e1g\u00e1hoz.<\/p>\n\n\n\n<p>Tov\u00e1bbi inform\u00e1ci\u00f3k\u00e9rt l\u00e1togasson el a <a href=\"http:\/\/www.hungary-serbia.eu\">www.hungary-serbia.eu<\/a> oldalra.<\/p>\n\n\n\n<p>\ud83c\uddfa\ud83c\uddf8 <strong>Open Call<\/strong><\/p>\n\n\n\n<p><strong>Event Lab \u2013 Outdoor Events Management Program<\/strong><\/p>\n\n\n\n<p>Are you a young event manager or cultural producer eager to enhance your skills in organizing outdoor cultural events? Are you passionate about creating impactful events that engage communities and promote sustainability? Do you want to learn from top experts in event management and cultural programming?<\/p>\n\n\n\n<p>The Parks4All consortium, coordinated by Cinema City Association from Novi Sad, is excited to launch the educational program <strong>Event Lab: Outdoor Events Management for Cultural Managers and Producers<\/strong>.&nbsp;<\/p>\n\n\n\n<p>This innovative educational program, funded by the Interreg-IPA CBC Hungary-Serbia Programme, offers participants a chance to gain knowledge, practical experience, and professional connections in the dynamic field of outdoor event management.<\/p>\n\n\n\n<p><strong>What is Event Lab?<\/strong><strong><br><\/strong>Event Lab is an educational platform that offers a combination of theoretical and practical learning through four training modules in four different cities, led by leading experts in event and cultural management. The program aims to provide young professionals with comprehensive education and hands-on experience by working on four innovative festivals in 2025 and 2026.<br><br><strong>What do you get as a scholarship recipient?<\/strong><strong><br><\/strong> &#8211; Intensive training through four modules with renowned lecturers and international networking<\/p>\n\n\n\n<p>&#8211; Hands-on experience at four festivals in 2025 and 2026, giving you practical insights into event management.<\/p>\n\n\n\n<p>&#8211; A certificate of completion and a recommendation for further career opportunities in leading festivals and organizations in the region, including Kaleidoskop, Do\u010dek, Cinema City, Mikser, Malomfesztiv\u00e1l, GastroFest, Dor\u0107ol Platz, and many more!<\/p>\n\n\n\n<p>&#8211; Full coverage of tuition fees, accommodation, meals, and travel expenses.<\/p>\n\n\n\n<p>&#8211; Opportunities for further professional development through internships and collaborations with major festivals and organizations.<\/p>\n\n\n\n<p>&#8211; A final CON conference in June 2026, where you will showcase your acquired knowledge and skills.<\/p>\n\n\n\n<p><strong>Who can apply?<\/strong><strong><br><\/strong>We are looking for young (18-30) event managers and cultural professionals passionate about event organization and innovation in culture. If you are motivated to learn, grow, and gain invaluable experience\u2014this is the opportunity for you!&nbsp;<\/p>\n\n\n\n<p><strong>Program Modules<\/strong><\/p>\n\n\n\n<ul class=\"wp-block-list\">\n<li>Module 1: Introduction to Managing Outdoor Events and Festivals\n<ul class=\"wp-block-list\">\n<li>Location: Novi Sad, Serbia.<\/li>\n\n\n\n<li>Dates: March 26-29 2025<\/li>\n\n\n\n<li>Key Topics: Cultural engagement in public spaces, participatory planning, ecological principles, and production management.<\/li>\n\n\n\n<li>Partner Implementing: Fondation &#8222;Novi Sad &#8211; European Capital of Culture&#8221;.<\/li>\n<\/ul>\n<\/li>\n\n\n\n<li>Module 2: Risk Management and Artistic Programming\n<ul class=\"wp-block-list\">\n<li>Location: Kanji\u017ea, Serbia.<\/li>\n\n\n\n<li>Dates: April 9-12 2025<\/li>\n\n\n\n<li>Key Topics: Risk assessment, creative use of natural venues, and fostering artist-community collaborations.<\/li>\n\n\n\n<li>Partner Implementing: Omladinsko i kulturno udru\u017eenje \u201cWemsical Serbia\u201d.<\/li>\n<\/ul>\n<\/li>\n\n\n\n<li>Module 3: Communication and Marketing of Outdoor Events\n<ul class=\"wp-block-list\">\n<li>Location: M\u00f3rahalom, Hungary<\/li>\n\n\n\n<li>Dates: April 23-26 2025<\/li>\n\n\n\n<li>Key Topics: Communication strategies, social media tools, community partnerships, and technical aspects of outdoor events.<\/li>\n\n\n\n<li>Partner Implementing: Catholic Youth Foundation.<\/li>\n<\/ul>\n<\/li>\n\n\n\n<li>Module 4: Event Execution and Evaluation\n<ul class=\"wp-block-list\">\n<li>Location: Szeged, Hungary.<\/li>\n\n\n\n<li>Dates: May 7-10 2025<\/li>\n\n\n\n<li>Key Topics: On-site event management, post-event evaluation, sponsorship, and funding strategies.<\/li>\n\n\n\n<li>Partner Implementing: DDTG Duna Fejleszt\u0151 Transznacion\u00e1lis Csoport.<\/li>\n<\/ul>\n<\/li>\n<\/ul>\n\n\n\n<p><strong>Working Language<\/strong><strong><br><\/strong>The working language of the program is <strong>English<\/strong>.<\/p>\n\n\n\n<p><strong>How do you apply?<\/strong><\/p>\n\n\n\n<p><br>The open call runs from <strong>February 14 to March 12, 2025.<\/strong> To apply, complete the application form available here. Selected participants will be notified by March 13, 2025.<\/p>\n\n\n\n<p>Apply via the following link <a href=\"https:\/\/forms.gle\/j61uUsKw6H5RGtbR9\">https:\/\/forms.gle\/j61uUsKw6H5RGtbR9<\/a><\/p>\n\n\n\n<p>Are you ready to take your skills to the next level and become part of a dynamic network of cultural innovators? Join us on this transformative journey and help shape the future of outdoor events in the Hungary-Serbia cross-border region. We look forward to your application!<\/p>\n\n\n\n<figure class=\"wp-block-image size-large\"><img loading=\"lazy\" decoding=\"async\" width=\"1024\" height=\"614\" src=\"https:\/\/katolikusifjusagialapitvany.hu\/wp-content\/uploads\/2025\/02\/IMG_4262-3-1024x614.jpeg\" alt=\"\" class=\"wp-image-2125\" srcset=\"https:\/\/katolikusifjusagialapitvany.hu\/wp-content\/uploads\/2025\/02\/IMG_4262-3-1024x614.jpeg 1024w, https:\/\/katolikusifjusagialapitvany.hu\/wp-content\/uploads\/2025\/02\/IMG_4262-3-300x180.jpeg 300w, https:\/\/katolikusifjusagialapitvany.hu\/wp-content\/uploads\/2025\/02\/IMG_4262-3-768x461.jpeg 768w, https:\/\/katolikusifjusagialapitvany.hu\/wp-content\/uploads\/2025\/02\/IMG_4262-3.jpeg 1500w\" sizes=\"auto, (max-width: 1024px) 100vw, 1024px\" \/><\/figure>\n","protected":false},"excerpt":{"rendered":"<p>\ud83c\udded\ud83c\uddfa Ny\u00edlt felh\u00edv\u00e1s:Event Lab \u2013 Szabadt\u00e9ri Rendezv\u00e9nyszervez\u00e9si Program Parks4All projekt&nbsp;<\/p>\n","protected":false},"author":1,"featured_media":0,"parent":0,"menu_order":0,"comment_status":"closed","ping_status":"closed","template":"","meta":{"footnotes":""},"class_list":["post-2119","page","type-page","status-publish","hentry"],"_links":{"self":[{"href":"https:\/\/katolikusifjusagialapitvany.hu\/index.php?rest_route=\/wp\/v2\/pages\/2119","targetHints":{"allow":["GET"]}}],"collection":[{"href":"https:\/\/katolikusifjusagialapitvany.hu\/index.php?rest_route=\/wp\/v2\/pages"}],"about":[{"href":"https:\/\/katolikusifjusagialapitvany.hu\/index.php?rest_route=\/wp\/v2\/types\/page"}],"author":[{"embeddable":true,"href":"https:\/\/katolikusifjusagialapitvany.hu\/index.php?rest_route=\/wp\/v2\/users\/1"}],"replies":[{"embeddable":true,"href":"https:\/\/katolikusifjusagialapitvany.hu\/index.php?rest_route=%2Fwp%2Fv2%2Fcomments&post=2119"}],"version-history":[{"count":3,"href":"https:\/\/katolikusifjusagialapitvany.hu\/index.php?rest_route=\/wp\/v2\/pages\/2119\/revisions"}],"predecessor-version":[{"id":2456,"href":"https:\/\/katolikusifjusagialapitvany.hu\/index.php?rest_route=\/wp\/v2\/pages\/2119\/revisions\/2456"}],"wp:attachment":[{"href":"https:\/\/katolikusifjusagialapitvany.hu\/index.php?rest_route=%2Fwp%2Fv2%2Fmedia&parent=2119"}],"curies":[{"name":"wp","href":"https:\/\/api.w.org\/{rel}","templated":true}]}}