{"id":2533,"date":"2025-09-18T07:59:03","date_gmt":"2025-09-18T07:59:03","guid":{"rendered":"https:\/\/katolikusifjusagialapitvany.hu\/?page_id=2533"},"modified":"2026-01-16T15:32:36","modified_gmt":"2026-01-16T15:32:36","slug":"role-art","status":"publish","type":"page","link":"https:\/\/katolikusifjusagialapitvany.hu\/?page_id=2533","title":{"rendered":"ROLE-ART"},"content":{"rendered":"\n<figure class=\"wp-block-gallery has-nested-images columns-default is-cropped wp-block-gallery-1 is-layout-flex wp-block-gallery-is-layout-flex\">\n<figure class=\"wp-block-image size-large\"><img loading=\"lazy\" decoding=\"async\" width=\"1024\" height=\"576\" data-id=\"2537\" src=\"https:\/\/katolikusifjusagialapitvany.hu\/wp-content\/uploads\/2025\/09\/afis-electronic_v3-1024x576.jpg\" alt=\"\" class=\"wp-image-2537\" srcset=\"https:\/\/katolikusifjusagialapitvany.hu\/wp-content\/uploads\/2025\/09\/afis-electronic_v3-1024x576.jpg 1024w, https:\/\/katolikusifjusagialapitvany.hu\/wp-content\/uploads\/2025\/09\/afis-electronic_v3-300x169.jpg 300w, https:\/\/katolikusifjusagialapitvany.hu\/wp-content\/uploads\/2025\/09\/afis-electronic_v3-768x432.jpg 768w, https:\/\/katolikusifjusagialapitvany.hu\/wp-content\/uploads\/2025\/09\/afis-electronic_v3-1536x864.jpg 1536w, https:\/\/katolikusifjusagialapitvany.hu\/wp-content\/uploads\/2025\/09\/afis-electronic_v3.jpg 1800w\" sizes=\"auto, (max-width: 1024px) 100vw, 1024px\" \/><\/figure>\n<\/figure>\n\n\n\n<p><em>Szeged\u2013Temesv\u00e1r, 2025. szeptembere<\/em><\/p>\n\n\n\n<p>A&nbsp;<strong>\u201eROLE-ART: Fiatalok akt\u00edv szerepv\u00e1llal\u00e1s\u00e1nak \u00e9s bevon\u00e1s\u00e1nak el\u0151mozd\u00edt\u00e1sa m\u0171v\u00e9szeti m\u00f3dszerek \u00e9s a kultur\u00e1lis egy\u00fcttm\u0171k\u00f6d\u00e9s seg\u00edts\u00e9g\u00e9vel\u201d<\/strong>&nbsp;c\u00edm\u0171 hat\u00e1ron \u00e1tny\u00fal\u00f3, az Interreg VI-A program \u00e1ltal t\u00e1mogatott projekt innovat\u00edv v\u00e1laszt k\u00edn\u00e1l a mai kor kih\u00edv\u00e1saira.<\/p>\n\n\n\n<p>Projektazonos\u00edt\u00f3: ROHU00291<br>Projekt akronim: ROLE-ART<br>Projekt id\u0151tartama: 30 h\u00f3nap<br>Projekt megval\u00f3s\u00edt\u00e1si id\u0151szaka: 2025.06.17. \u2013 2027.12.16.<br>Elk\u00fcl\u00f6n\u00edtett forr\u00e1s\u00f6sszeg: 386.314,91 euro<br>Eur\u00f3pai Uni\u00f3s hozz\u00e1j\u00e1rul\u00e1s: 309.051,92 euro<\/p>\n\n\n\n<p><strong>A projekt jelent\u0151s\u00e9ge \u00e9s c\u00e9lkit\u0171z\u00e9sei:<\/strong><\/p>\n\n\n\n<p>A COVID-19 j\u00e1rv\u00e1ny hat\u00e1s\u00e1ra a fiatalok t\u00e1rsadalmi \u00e9lete dr\u00e1maian besz\u0171k\u00fclt, az online vil\u00e1gba h\u00faz\u00f3dtak vissza, melynek k\u00f6vetkezt\u00e9ben sokan elszigetel\u0151dtek. A projekt c\u00e9lja, hogy egy \u00faj, kult\u00fara alap\u00fa m\u00f3dszertan kidolgoz\u00e1s\u00e1val \u00e9s m\u0171v\u00e9szeti \u00e9lm\u00e9nyeken alapul\u00f3 k\u00f6z\u00f6ss\u00e9gi esem\u00e9nyekkel seg\u00edtsen a 15\u201335 \u00e9ves, f\u0151k\u00e9nt k\u00f6z\u00e9piskol\u00e1s \u00e9s fiatal feln\u0151tt koroszt\u00e1ly k\u00f6z\u00f6ss\u00e9gi r\u00e9szv\u00e9tel\u00e9nek fejl\u0151d\u00e9s\u00e9ben.<br>A m\u00f3dszertan l\u00e9nyege, hogy m\u0171v\u00e9szeti \u00e9s kultur\u00e1lis k\u00f6z\u00f6ss\u00e9gi \u00e9lm\u00e9nyek (gasztron\u00f3mia, fest\u00e9szet, sz\u00ednh\u00e1z, irodalom, k\u00e9pz\u0151m\u0171v\u00e9szet, fot\u00f3, divat, zene) r\u00e9v\u00e9n motiv\u00e1lj\u00e1k a fiatalokat, k\u00fcl\u00f6n\u00f6s hangs\u00falyt fektetve a lassabb, alkot\u00f3 folyamatra, amely t\u00e1mogatja az egy\u00e9ni \u00e9s k\u00f6z\u00f6ss\u00e9gi fejl\u0151d\u00e9st egyar\u00e1nt.<\/p>\n\n\n\n<p><strong>A projekt partnerei:<\/strong><\/p>\n\n\n\n<ul class=\"wp-block-list\">\n<li><strong>Katolikus Ifj\u00fas\u00e1gi Alap\u00edtv\u00e1ny (CYF, Szeged \/ Magyarorsz\u00e1g):&nbsp;<\/strong>T\u00f6bb mint h\u00fasz \u00e9ves tapasztalattal rendelkezik kultur\u00e1lis k\u00f6z\u00f6ss\u00e9g\u00e9p\u00edt\u00e9s \u00e9s ifj\u00fas\u00e1gi programok ter\u00e9n.<\/li>\n\n\n\n<li><strong>Integratio Alap\u00edtv\u00e1ny (Temes megye \/ Rom\u00e1nia):&nbsp;<\/strong>Sz\u00e9lesk\u00f6r\u0171 tapasztalat a k\u00f6z\u00f6ss\u00e9gi kutat\u00e1sokban, nem-form\u00e1lis oktat\u00e1sban \u00e9s multikultur\u00e1lis egy\u00fcttm\u0171k\u00f6d\u00e9sekben, k\u00fcl\u00f6n\u00f6sen a fiatalok t\u00e1rsadalmi r\u00e9szv\u00e9tel\u00e9nek t\u00e1mogat\u00e1s\u00e1ban.<\/li>\n<\/ul>\n\n\n\n<p><strong>A projekt f\u0151bb tev\u00e9kenys\u00e9gei:<\/strong><\/p>\n\n\n\n<ul class=\"wp-block-list\">\n<li><strong>Kutat\u00e1s:&nbsp;<\/strong>Online \u00e9s f\u00f3kuszcsoportos vizsg\u00e1latok a fiatalok t\u00e1rsadalmi \u00e9s kultur\u00e1lis r\u00e9szv\u00e9tel\u00e9r\u0151l, valamint a fiatalok ig\u00e9nyeinek \u00e9s probl\u00e9m\u00e1inak felt\u00e1r\u00e1s\u00e1ra Csongr\u00e1d-Csan\u00e1d v\u00e1rmegy\u00e9ben \u00e9s Temes megy\u00e9ben.<\/li>\n\n\n\n<li><strong>M\u00f3dszertani fejleszt\u00e9s:<\/strong>&nbsp;A nyolc t\u00e9mak\u00f6r (gasztron\u00f3mia, fest\u00e9szet, sz\u00ednh\u00e1z, irodalom, k\u00e9pz\u0151m\u0171v\u00e9szet, fot\u00f3, divat, zene) m\u00f3dszertani csomagj\u00e1nak kidolgoz\u00e1sa magyarorsz\u00e1gi \u00e9s rom\u00e1niai szak\u00e9rt\u0151k bevon\u00e1s\u00e1val.<\/li>\n\n\n\n<li><strong>Alkot\u00f3m\u0171helyek \u00e9s m\u0171v\u00e9szeti t\u00e1borok szervez\u00e9se:<\/strong>&nbsp;Tematikus m\u0171v\u00e9szeti workshopok valamint k\u00f6z\u00f6s hat\u00e1ron \u00e1tny\u00fal\u00f3 m\u0171v\u00e9szt\u00e1borok megval\u00f3s\u00edt\u00e1sa.<\/li>\n\n\n\n<li><strong>Eredm\u00e9nyek bemutat\u00e1sa:<\/strong>&nbsp;A fiatalok alkot\u00e1sainak ki\u00e1ll\u00edt\u00e1sai, k\u00f6z\u00f6ss\u00e9gi esem\u00e9nyek, amelyek pozit\u00edv visszacsatol\u00e1st \u00e9s k\u00f6z\u00f6ss\u00e9gi \u00e9lm\u00e9nyt ny\u00fajtanak a r\u00e9sztvev\u0151knek.<\/li>\n\n\n\n<li><strong>Kommunik\u00e1ci\u00f3 \u00e9s terjeszt\u00e9s:<\/strong>&nbsp;A projekt eredm\u00e9nyeinek folyamatos megoszt\u00e1sa k\u00f6z\u00f6ss\u00e9gi m\u00e9dia, honlap, sajt\u00f3k\u00f6zlem\u00e9nyek, konferenci\u00e1k \u00e9s nyilv\u00e1nos esem\u00e9nyek r\u00e9v\u00e9n.<\/li>\n<\/ul>\n\n\n\n<p><strong>Mi\u00e9rt fontos mindez?<\/strong><\/p>\n\n\n\n<p>A projekt t\u00e1rsadalmi innov\u00e1ci\u00f3k\u00e9nt k\u00f6zel\u00edti meg a fiatalok aktiviz\u00e1l\u00e1s\u00e1t, a m\u0171v\u00e9szeti \u00f6nkifejez\u00e9s \u00e9s k\u00f6z\u00f6ss\u00e9gi kreativit\u00e1s r\u00e9v\u00e9n olyan \u00faj programok sz\u00fcletnek, amelyek seg\u00edtik a szem\u00e9lyes fejl\u0151d\u00e9st, \u00f6nbizalom-er\u0151s\u00f6d\u00e9st \u00e9s a k\u00f6z\u00f6ss\u00e9gi \u00f6sszetartoz\u00e1st. A tapasztalatokat \u00e9s j\u00f3 gyakorlatokat a partnerek \u00e9s tov\u00e1bbi ifj\u00fas\u00e1gi szervezetek a programter\u00fcleten \u00e9s azon t\u00fal is alkalmazhatj\u00e1k, hozz\u00e1j\u00e1rulva ezzel a vid\u00e9ki \u00e9s v\u00e1rosi ter\u00fcletek kultur\u00e1lis koh\u00e9zi\u00f3j\u00e1hoz \u00e9s a fiatalok t\u00e1rsadalmi felel\u0151ss\u00e9gv\u00e1llal\u00e1s\u00e1nak n\u00f6veked\u00e9s\u00e9hez.<\/p>\n\n\n\n<p><strong>Tov\u00e1bbi inform\u00e1ci\u00f3k:<\/strong><\/p>\n\n\n\n<p>A projektr\u0151l b\u0151vebb inform\u00e1ci\u00f3 a Katolikus Ifj\u00fas\u00e1gi Alap\u00edtv\u00e1ny (<a href=\"https:\/\/katolikusifjusagialapitvany.hu\/\" target=\"_blank\" rel=\"noreferrer noopener\">https:\/\/katolikusifjusagialapitvany.hu\/&nbsp;<\/a>) \u00e9s az Integratio Alap\u00edtv\u00e1ny (<a href=\"https:\/\/integratio.ro\/indul-a-role-art-projekt-muveszeti-eszkozokkel-es-kulturalis-egyuttmukodessel-osztonzik-a-fiatalokat-az-aktiv-reszvetelre\/#\">www.integratio.ro<\/a>) honlapj\u00e1n, valamint a projekt hivatalos Facebook \u00e9s Instagram oldalain tal\u00e1lhat\u00f3.<\/p>\n\n\n\n<p>Jelen anyag tartalma nem felt\u00e9tlen\u00fcl t\u00fckr\u00f6zi az Eur\u00f3pai Uni\u00f3 hivatalos \u00e1ll\u00e1spontj\u00e1t.<\/p>\n\n\n\n<p>A ROHU00291 ROLE-ART projekt kapcs\u00e1n felmer\u00fcl\u0151 beszerz\u00e9sek elj\u00e1r\u00e1st megind\u00edt\u00f3 felh\u00edv\u00e1sai (aj\u00e1nlati felh\u00edv\u00e1sai):<\/p>\n\n\n\n<div data-wp-interactive=\"core\/file\" class=\"wp-block-file\"><object data-wp-bind--hidden=\"!state.hasPdfPreview\" hidden class=\"wp-block-file__embed\" data=\"https:\/\/katolikusifjusagialapitvany.hu\/wp-content\/uploads\/2026\/01\/Arajanlatkeres_ROHU-00291_beszerzes-1.pdf\" type=\"application\/pdf\" style=\"width:100%;height:600px\" aria-label=\"\u00c1raj\u00e1nlatk\u00e9r\u00e9s_ROHU 00291_beszerz\u00e9s be\u00e1gyaz\u00e1sa\"><\/object><a id=\"wp-block-file--media-a23b3027-4712-4aa1-b470-757a64263afe\" href=\"https:\/\/katolikusifjusagialapitvany.hu\/wp-content\/uploads\/2026\/01\/Arajanlatkeres_ROHU-00291_beszerzes-1.pdf\">\u00c1raj\u00e1nlatk\u00e9r\u00e9s_ROHU 00291_beszerz\u00e9s<\/a><a href=\"https:\/\/katolikusifjusagialapitvany.hu\/wp-content\/uploads\/2026\/01\/Arajanlatkeres_ROHU-00291_beszerzes-1.pdf\" class=\"wp-block-file__button wp-element-button\" download aria-describedby=\"wp-block-file--media-a23b3027-4712-4aa1-b470-757a64263afe\">Let\u00f6lt\u00e9s<\/a><\/div>\n\n\n\n<div data-wp-interactive=\"core\/file\" class=\"wp-block-file\"><object data-wp-bind--hidden=\"!state.hasPdfPreview\" hidden class=\"wp-block-file__embed\" data=\"https:\/\/katolikusifjusagialapitvany.hu\/wp-content\/uploads\/2026\/01\/Ajanlatkeres_tanyanagfejlesztes-es-kutatas_ROLE-ART.pdf\" type=\"application\/pdf\" style=\"width:100%;height:600px\" aria-label=\"Aj\u00e1nlatk\u00e9r\u00e9s_tanyanagfejleszt\u00e9s \u00e9s kutat\u00e1s_ROLE ART be\u00e1gyaz\u00e1sa\"><\/object><a id=\"wp-block-file--media-f0595314-a185-448b-9aa4-c643d813dc34\" href=\"https:\/\/katolikusifjusagialapitvany.hu\/wp-content\/uploads\/2026\/01\/Ajanlatkeres_tanyanagfejlesztes-es-kutatas_ROLE-ART.pdf\">Aj\u00e1nlatk\u00e9r\u00e9s_tanyanagfejleszt\u00e9s \u00e9s kutat\u00e1s_ROLE ART<\/a><a href=\"https:\/\/katolikusifjusagialapitvany.hu\/wp-content\/uploads\/2026\/01\/Ajanlatkeres_tanyanagfejlesztes-es-kutatas_ROLE-ART.pdf\" class=\"wp-block-file__button wp-element-button\" download aria-describedby=\"wp-block-file--media-f0595314-a185-448b-9aa4-c643d813dc34\">Let\u00f6lt\u00e9s<\/a><\/div>\n\n\n\n<div data-wp-interactive=\"core\/file\" class=\"wp-block-file\"><object data-wp-bind--hidden=\"!state.hasPdfPreview\" hidden class=\"wp-block-file__embed\" data=\"https:\/\/katolikusifjusagialapitvany.hu\/wp-content\/uploads\/2026\/01\/ajanlatkero_rendezvenyszervezes_szakertok_biztositasa-1.pdf\" type=\"application\/pdf\" style=\"width:100%;height:600px\" aria-label=\"aj\u00e1nlatk\u00e9r\u0151_rendezv\u00e9nyszervez\u00e9s_szak\u00e9rt\u0151k_biztos\u00edt\u00e1sa be\u00e1gyaz\u00e1sa\"><\/object><a id=\"wp-block-file--media-258b13eb-4152-4ea1-837c-bee58fa71caf\" href=\"https:\/\/katolikusifjusagialapitvany.hu\/wp-content\/uploads\/2026\/01\/ajanlatkero_rendezvenyszervezes_szakertok_biztositasa-1.pdf\">aj\u00e1nlatk\u00e9r\u0151_rendezv\u00e9nyszervez\u00e9s_szak\u00e9rt\u0151k_biztos\u00edt\u00e1sa<\/a><a href=\"https:\/\/katolikusifjusagialapitvany.hu\/wp-content\/uploads\/2026\/01\/ajanlatkero_rendezvenyszervezes_szakertok_biztositasa-1.pdf\" class=\"wp-block-file__button wp-element-button\" download aria-describedby=\"wp-block-file--media-258b13eb-4152-4ea1-837c-bee58fa71caf\">Let\u00f6lt\u00e9s<\/a><\/div>\n\n\n\n<div data-wp-interactive=\"core\/file\" class=\"wp-block-file\"><object data-wp-bind--hidden=\"!state.hasPdfPreview\" hidden class=\"wp-block-file__embed\" data=\"https:\/\/katolikusifjusagialapitvany.hu\/wp-content\/uploads\/2026\/01\/arajanlatkero_nyomtatas-1.pdf\" type=\"application\/pdf\" style=\"width:100%;height:600px\" aria-label=\"\u00e1raj\u00e1nlatk\u00e9r\u0151_nyomtat\u00e1s be\u00e1gyaz\u00e1sa\"><\/object><a id=\"wp-block-file--media-23cc0f37-8c29-4c5a-9911-b2ff36e2a2c7\" href=\"https:\/\/katolikusifjusagialapitvany.hu\/wp-content\/uploads\/2026\/01\/arajanlatkero_nyomtatas-1.pdf\">\u00e1raj\u00e1nlatk\u00e9r\u0151_nyomtat\u00e1s<\/a><a href=\"https:\/\/katolikusifjusagialapitvany.hu\/wp-content\/uploads\/2026\/01\/arajanlatkero_nyomtatas-1.pdf\" class=\"wp-block-file__button wp-element-button\" download aria-describedby=\"wp-block-file--media-23cc0f37-8c29-4c5a-9911-b2ff36e2a2c7\">Let\u00f6lt\u00e9s<\/a><\/div>\n","protected":false},"excerpt":{"rendered":"<p>Szeged\u2013Temesv\u00e1r, 2025. szeptembere A&nbsp;\u201eROLE-ART: Fiatalok akt\u00edv szerepv\u00e1llal\u00e1s\u00e1nak \u00e9s bevon\u00e1s\u00e1nak el\u0151mozd\u00edt\u00e1sa<\/p>\n","protected":false},"author":1,"featured_media":0,"parent":0,"menu_order":0,"comment_status":"closed","ping_status":"closed","template":"","meta":{"footnotes":""},"class_list":["post-2533","page","type-page","status-publish","hentry"],"_links":{"self":[{"href":"https:\/\/katolikusifjusagialapitvany.hu\/index.php?rest_route=\/wp\/v2\/pages\/2533","targetHints":{"allow":["GET"]}}],"collection":[{"href":"https:\/\/katolikusifjusagialapitvany.hu\/index.php?rest_route=\/wp\/v2\/pages"}],"about":[{"href":"https:\/\/katolikusifjusagialapitvany.hu\/index.php?rest_route=\/wp\/v2\/types\/page"}],"author":[{"embeddable":true,"href":"https:\/\/katolikusifjusagialapitvany.hu\/index.php?rest_route=\/wp\/v2\/users\/1"}],"replies":[{"embeddable":true,"href":"https:\/\/katolikusifjusagialapitvany.hu\/index.php?rest_route=%2Fwp%2Fv2%2Fcomments&post=2533"}],"version-history":[{"count":3,"href":"https:\/\/katolikusifjusagialapitvany.hu\/index.php?rest_route=\/wp\/v2\/pages\/2533\/revisions"}],"predecessor-version":[{"id":2573,"href":"https:\/\/katolikusifjusagialapitvany.hu\/index.php?rest_route=\/wp\/v2\/pages\/2533\/revisions\/2573"}],"wp:attachment":[{"href":"https:\/\/katolikusifjusagialapitvany.hu\/index.php?rest_route=%2Fwp%2Fv2%2Fmedia&parent=2533"}],"curies":[{"name":"wp","href":"https:\/\/api.w.org\/{rel}","templated":true}]}}